{"id":936,"date":"2018-05-22T19:02:04","date_gmt":"2018-05-22T19:02:04","guid":{"rendered":"https:\/\/www.bcc.unifal-mg.edu.br\/portal\/?page_id=936"},"modified":"2021-11-18T19:38:26","modified_gmt":"2021-11-18T19:38:26","slug":"departamento","status":"publish","type":"page","link":"https:\/\/www.bcc.unifal-mg.edu.br\/portal\/administracao\/departamento\/","title":{"rendered":"Departamento"},"content":{"rendered":"<h3><strong>Professores(as) do Magist\u00e9rio Superior<\/strong><\/h3>\n<ul>\n<li><a href=\"https:\/\/www.bcc.unifal-mg.edu.br\/portal\/pessoas\/docentes\/prof-eliseu-cesar-miguel\/\" rel=\"noopener\">Eliseu C\u00e9sar Miguel<\/a>\u00a0\u2013 <strong>Chefe do Departamento<\/strong><\/li>\n<li><a href=\"https:\/\/www.bcc.unifal-mg.edu.br\/portal\/pessoas\/docentes\/prof-iago-augusto-de-carvalho\/\" rel=\"noopener\">Iago Augusto de Carvalho<\/a><a href=\"https:\/\/www.bcc.unifal-mg.edu.br\/portal\/pessoas\/docentes\/profa-mariane-moreira-de-souza\/\" rel=\"noopener\">\u00a0<\/a>\u2013 <strong>Vice Chefe do Departamento<\/strong><\/li>\n<\/ul>\n<p><strong>E-mail chefia do departamento:<\/strong> lista.chefia.dcc[@]unifal-mg.edu.br<br \/>\n<strong>Telefone da secretaria:<\/strong> (35) 3701-1940<\/p>\n<ul>\n<li><a href=\"https:\/\/www.bcc.unifal-mg.edu.br\/portal\/pessoas\/docentes\/prof-eduardo-gomes-salgado\/\" rel=\"noopener\">Eduardo Gomes Salgado<\/a>\n<ul>\n<li>\u2192 Jean Marcel Sousa Lira \u2013 Prof. Substituto<\/li>\n<\/ul>\n<\/li>\n<li><a href=\"https:\/\/www.bcc.unifal-mg.edu.br\/portal\/pessoas\/docentes\/prof-flavio-barbieri-gonzaga\/\" rel=\"noopener\">Flavio Barbieri Gonzaga<\/a><\/li>\n<li><a href=\"https:\/\/www.bcc.unifal-mg.edu.br\/portal\/pessoas\/docentes\/prof-humberto-cesar-brandao-de-oliveira\/\" rel=\"noopener\">Humberto C\u00e9sar Brand\u00e3o de Oliveira<\/a>\n<ul>\n<li>\u2192 Adriana Aparecida de \u00c1vila \u2013 Profa. Substituta<\/li>\n<\/ul>\n<\/li>\n<li><a href=\"https:\/\/www.bcc.unifal-mg.edu.br\/portal\/pessoas\/docentes\/prof-luiz-eduardo-da-silva\/\" rel=\"noopener\">Luiz Eduardo da Silva<\/a><\/li>\n<li><a href=\"https:\/\/www.bcc.unifal-mg.edu.br\/portal\/pessoas\/docentes\/prof-marcelo-lacerda-rezende\/\" rel=\"noopener\">Marcelo Lacerda Rezende<\/a><\/li>\n<li><a href=\"https:\/\/www.bcc.unifal-mg.edu.br\/portal\/pessoas\/docentes\/profa-mariane-moreira-de-souza\/\" rel=\"noopener\">Mariane Moreira de Souza<\/a><\/li>\n<li><a href=\"https:\/\/www.bcc.unifal-mg.edu.br\/portal\/pessoas\/docentes\/prof-nelson-jose-freitas-da-silveira\/\" rel=\"noopener\">Nelson Jos\u00e9 Freitas da Silveira<\/a><\/li>\n<li><a href=\"https:\/\/www.bcc.unifal-mg.edu.br\/portal\/pessoas\/docentes\/prof-paulo-alexandre-bressan\/\" rel=\"noopener\">Paulo Alexandre Bressan<\/a><\/li>\n<li><a href=\"https:\/\/www.bcc.unifal-mg.edu.br\/portal\/pessoas\/docentes\/prof-ricardo-menezes-salgado\/\" rel=\"noopener\">Ricardo Menezes Salgado<\/a><\/li>\n<li><a href=\"https:\/\/www.bcc.unifal-mg.edu.br\/portal\/pessoas\/docentes\/prof-rodrigo-martins-pagliares\/\" rel=\"noopener\">Rodrigo Martins Pagliares<\/a><\/li>\n<\/ul>\n<p><strong>Lista de e-mail contendo os docentes do Departamento:<\/strong><br \/>\nlista.docentes.dcc[@]unifal-mg.edu.br<\/p>\n<p>&nbsp;<\/p>\n<h3><strong>T\u00e9cnico-Administrativos em Educa\u00e7\u00e3o<\/strong><\/h3>\n<ul>\n<li><a href=\"https:\/\/www.bcc.unifal-mg.edu.br\/portal\/pessoas\/tecnico-administrativos-em-educacao\/tae-fabiano-castro-de-brito\/\" rel=\"noopener\">Fabiano Castro de Brito<\/a> \u2013 T\u00e9cnico de Tecnologia da Informa\u00e7\u00e3o<\/li>\n<li><a href=\"http:\/\/www.bcc.unifal-mg.edu.br\/portal\/pessoas\/tecnico-administrativos-em-educacao\/tae-tiago-silveira\/\" rel=\"noopener\">Tiago Silveira<\/a> \u2013 Analista de Tecnologia da Informa\u00e7\u00e3o<\/li>\n<\/ul>\n<p><strong>Lista de e-mail contendo os TAEs do Departamento:<\/strong><br \/>\nlista.taes.computacao[@]unifal-mg.edu.br<\/p>\n<p><strong>Lista de e-mail contendo TODOS os integrantes (docentes e TAEs) do Departamento:<\/strong><br \/>\nlista.servidores.dcc[@]unifal-mg.edu.br<\/p>\n<p>&nbsp;<\/p>\n","protected":false},"excerpt":{"rendered":"<p>Professores(as) do Magist\u00e9rio Superior Eliseu C\u00e9sar Miguel\u00a0\u2013 Chefe do Departamento Iago Augusto de Carvalho\u00a0\u2013 Vice Chefe do Departamento E-mail chefia do departamento: lista.chefia.dcc[@]unifal-mg.edu.br Telefone da secretaria: (35) 3701-1940 Eduardo Gomes Salgado \u2192 Jean Marcel Sousa Lira \u2013 Prof. Substituto Flavio Barbieri Gonzaga Humberto C\u00e9sar Brand\u00e3o de Oliveira \u2192 Adriana Aparecida de \u00c1vila \u2013 Profa. Substituta <a class=\"more-link\" href=\"https:\/\/www.bcc.unifal-mg.edu.br\/portal\/administracao\/departamento\/\">Leia mais&#8230; &raquo;<\/a><\/p>\n","protected":false},"author":3,"featured_media":0,"parent":93,"menu_order":0,"comment_status":"closed","ping_status":"closed","template":"","meta":[],"_links":{"self":[{"href":"https:\/\/www.bcc.unifal-mg.edu.br\/portal\/wp-json\/wp\/v2\/pages\/936"}],"collection":[{"href":"https:\/\/www.bcc.unifal-mg.edu.br\/portal\/wp-json\/wp\/v2\/pages"}],"about":[{"href":"https:\/\/www.bcc.unifal-mg.edu.br\/portal\/wp-json\/wp\/v2\/types\/page"}],"author":[{"embeddable":true,"href":"https:\/\/www.bcc.unifal-mg.edu.br\/portal\/wp-json\/wp\/v2\/users\/3"}],"replies":[{"embeddable":true,"href":"https:\/\/www.bcc.unifal-mg.edu.br\/portal\/wp-json\/wp\/v2\/comments?post=936"}],"version-history":[{"count":22,"href":"https:\/\/www.bcc.unifal-mg.edu.br\/portal\/wp-json\/wp\/v2\/pages\/936\/revisions"}],"predecessor-version":[{"id":1311,"href":"https:\/\/www.bcc.unifal-mg.edu.br\/portal\/wp-json\/wp\/v2\/pages\/936\/revisions\/1311"}],"up":[{"embeddable":true,"href":"https:\/\/www.bcc.unifal-mg.edu.br\/portal\/wp-json\/wp\/v2\/pages\/93"}],"wp:attachment":[{"href":"https:\/\/www.bcc.unifal-mg.edu.br\/portal\/wp-json\/wp\/v2\/media?parent=936"}],"curies":[{"name":"wp","href":"https:\/\/api.w.org\/{rel}","templated":true}]}}