{"id":9,"date":"2016-03-09T15:31:18","date_gmt":"2016-03-09T18:31:18","guid":{"rendered":"http:\/\/localhost\/wordpress\/?page_id=9"},"modified":"2016-03-09T15:31:18","modified_gmt":"2016-03-09T18:31:18","slug":"pesquisa","status":"publish","type":"page","link":"https:\/\/www.bcc.unifal-mg.edu.br\/portal\/pesquisa\/","title":{"rendered":"Pesquisa"},"content":{"rendered":"<p>As atividades de pesquisa e extens\u00e3o complementam as atividades de ensino desenvolvidas na Universidade para a forma\u00e7\u00e3o de novos profissionais. As atividades de <strong>pesquisa<\/strong> s\u00e3o essenciais para a cria\u00e7\u00e3o de novos conhecimentos e o desenvolvimento de conhecimentos pr\u00e9-existentes. Desse modo, torna-se uma atividade de grande import\u00e2ncia no processo de aprendizagem.<\/p>\n","protected":false},"excerpt":{"rendered":"<p>As atividades de pesquisa e extens\u00e3o complementam as atividades de ensino desenvolvidas na Universidade para a forma\u00e7\u00e3o de novos profissionais. As atividades de pesquisa s\u00e3o essenciais para a cria\u00e7\u00e3o de novos conhecimentos e o desenvolvimento de conhecimentos pr\u00e9-existentes. Desse modo, torna-se uma atividade de grande import\u00e2ncia no processo de aprendizagem.<\/p>\n","protected":false},"author":1,"featured_media":0,"parent":0,"menu_order":4,"comment_status":"closed","ping_status":"closed","template":"","meta":[],"_links":{"self":[{"href":"https:\/\/www.bcc.unifal-mg.edu.br\/portal\/wp-json\/wp\/v2\/pages\/9"}],"collection":[{"href":"https:\/\/www.bcc.unifal-mg.edu.br\/portal\/wp-json\/wp\/v2\/pages"}],"about":[{"href":"https:\/\/www.bcc.unifal-mg.edu.br\/portal\/wp-json\/wp\/v2\/types\/page"}],"author":[{"embeddable":true,"href":"https:\/\/www.bcc.unifal-mg.edu.br\/portal\/wp-json\/wp\/v2\/users\/1"}],"replies":[{"embeddable":true,"href":"https:\/\/www.bcc.unifal-mg.edu.br\/portal\/wp-json\/wp\/v2\/comments?post=9"}],"version-history":[{"count":0,"href":"https:\/\/www.bcc.unifal-mg.edu.br\/portal\/wp-json\/wp\/v2\/pages\/9\/revisions"}],"wp:attachment":[{"href":"https:\/\/www.bcc.unifal-mg.edu.br\/portal\/wp-json\/wp\/v2\/media?parent=9"}],"curies":[{"name":"wp","href":"https:\/\/api.w.org\/{rel}","templated":true}]}}