{"id":438,"date":"2016-03-22T15:06:25","date_gmt":"2016-03-22T18:06:25","guid":{"rendered":"http:\/\/localhost\/wordpress\/?page_id=438"},"modified":"2021-11-08T18:41:40","modified_gmt":"2021-11-08T18:41:40","slug":"grupos-de-pesquisa","status":"publish","type":"page","link":"https:\/\/www.bcc.unifal-mg.edu.br\/portal\/pesquisa\/grupos-de-pesquisa\/","title":{"rendered":"Grupos de pesquisa"},"content":{"rendered":"<p>O Departamento de Ci\u00eancia da Computa\u00e7\u00e3o possui os seguintes grupos de pesquisa cadastrados no CNPq:<\/p>\n<ul>\n<li class=\"page_item page-item-474\"><a href=\"http:\/\/dgp.cnpq.br\/dgp\/espelhogrupo\/9653916698699039\" target=\"_blank\" rel=\"noopener\">Sistemas Inteligentes, Otimiza\u00e7\u00e3o e Computa\u00e7\u00e3o BioInspirada<\/a><\/li>\n<li class=\"page_item page-item-476\"><a href=\"http:\/\/dgp.cnpq.br\/dgp\/espelhogrupo\/1752176275930267\" target=\"_blank\" rel=\"noopener\">Modelagem Molecular e Simula\u00e7\u00e3o Computacional<\/a><\/li>\n<\/ul>\n<p>&nbsp;<\/p>\n","protected":false},"excerpt":{"rendered":"<p>O Departamento de Ci\u00eancia da Computa\u00e7\u00e3o possui os seguintes grupos de pesquisa cadastrados no CNPq: Sistemas Inteligentes, Otimiza\u00e7\u00e3o e Computa\u00e7\u00e3o BioInspirada Modelagem Molecular e Simula\u00e7\u00e3o Computacional &nbsp;<\/p>\n","protected":false},"author":1,"featured_media":0,"parent":9,"menu_order":0,"comment_status":"closed","ping_status":"closed","template":"","meta":[],"_links":{"self":[{"href":"https:\/\/www.bcc.unifal-mg.edu.br\/portal\/wp-json\/wp\/v2\/pages\/438"}],"collection":[{"href":"https:\/\/www.bcc.unifal-mg.edu.br\/portal\/wp-json\/wp\/v2\/pages"}],"about":[{"href":"https:\/\/www.bcc.unifal-mg.edu.br\/portal\/wp-json\/wp\/v2\/types\/page"}],"author":[{"embeddable":true,"href":"https:\/\/www.bcc.unifal-mg.edu.br\/portal\/wp-json\/wp\/v2\/users\/1"}],"replies":[{"embeddable":true,"href":"https:\/\/www.bcc.unifal-mg.edu.br\/portal\/wp-json\/wp\/v2\/comments?post=438"}],"version-history":[{"count":6,"href":"https:\/\/www.bcc.unifal-mg.edu.br\/portal\/wp-json\/wp\/v2\/pages\/438\/revisions"}],"predecessor-version":[{"id":1184,"href":"https:\/\/www.bcc.unifal-mg.edu.br\/portal\/wp-json\/wp\/v2\/pages\/438\/revisions\/1184"}],"up":[{"embeddable":true,"href":"https:\/\/www.bcc.unifal-mg.edu.br\/portal\/wp-json\/wp\/v2\/pages\/9"}],"wp:attachment":[{"href":"https:\/\/www.bcc.unifal-mg.edu.br\/portal\/wp-json\/wp\/v2\/media?parent=438"}],"curies":[{"name":"wp","href":"https:\/\/api.w.org\/{rel}","templated":true}]}}