{"id":429,"date":"2016-03-22T14:53:59","date_gmt":"2016-03-22T17:53:59","guid":{"rendered":"http:\/\/localhost\/wordpress\/?page_id=429"},"modified":"2022-03-04T19:38:32","modified_gmt":"2022-03-04T19:38:32","slug":"laboratorios-tematicos","status":"publish","type":"page","link":"https:\/\/www.bcc.unifal-mg.edu.br\/portal\/infraestrutura\/laboratorios-tematicos\/","title":{"rendered":"Laborat\u00f3rios Tem\u00e1ticos"},"content":{"rendered":"<p class=\"Standard\" style=\"margin-bottom: 15.0pt; text-align: justify;\">Os laborat\u00f3rios tem\u00e1ticos s\u00e3o laborat\u00f3rios voltados para a realiza\u00e7\u00e3o de disciplinas eletivas e atividades de pesquisa; tais como Inicia\u00e7\u00e3o Cient\u00edfica e Trabalho de Conclus\u00e3o de Curso. O Departamento de Ci\u00eancia da Computa\u00e7\u00e3o possui 4 laborat\u00f3rios tem\u00e1ticos:<\/p>\n<ul>\n<li class=\"page_item\"><a href=\"http:\/\/www3.bcc.unifal-mg.edu.br\/lte\/\" target=\"_blank\" rel=\"noopener\"><strong>L<\/strong>aborat\u00f3rio de <strong>T<\/strong>ecnologia <strong>E<\/strong>ducacional (<strong>LTE<\/strong>)<\/a>\n<ul>\n<li>Professor respons\u00e1vel: <a href=\"https:\/\/www.bcc.unifal-mg.edu.br\/portal\/pessoas\/docentes\/prof-paulo-alexandre-bressan\/\" rel=\"noopener\">Paulo Alexandre Bressan<\/a><\/li>\n<\/ul>\n<\/li>\n<li class=\"page_item\"><strong>La<\/strong>borat\u00f3rio de <strong>Re<\/strong>des de Computadores e <strong>S<\/strong>istemas Distribu\u00eddos (<strong>LaReS<\/strong>)\n<ul>\n<li class=\"page_item\">Professor respons\u00e1vel: <a href=\"https:\/\/www.bcc.unifal-mg.edu.br\/portal\/pessoas\/docentes\/prof-flavio-barbieri-gonzaga\/\" rel=\"noopener\">Flavio Barbieri Gonzaga<\/a><\/li>\n<\/ul>\n<\/li>\n<li class=\"page_item\"><a href=\"http:\/\/www3.bcc.unifal-mg.edu.br\/linc\/\" target=\"_blank\" rel=\"noopener\"><strong>L<\/strong>aborat\u00f3rio de <strong>In<\/strong>telig\u00eancia <strong>C<\/strong>omputacional (<strong>LInC<\/strong>)<\/a>\n<ul>\n<li class=\"page_item\">Professor Respons\u00e1vel: <a href=\"https:\/\/www.bcc.unifal-mg.edu.br\/portal\/pessoas\/docentes\/prof-ricardo-menezes-salgado\/\" rel=\"noopener\">Ricardo Menezes Salgado<\/a><\/li>\n<\/ul>\n<\/li>\n<li class=\"page_item\"><strong>L<\/strong>aborat\u00f3rio de <strong>P<\/strong>esquisa <strong>&amp;<\/strong> <strong>D<\/strong>esenvolvimento (<strong>LP&amp;D<\/strong>)\n<ul>\n<li class=\"page_item\">Professor respons\u00e1vel: <a href=\"https:\/\/www.bcc.unifal-mg.edu.br\/portal\/pessoas\/docentes\/prof-humberto-cesar-brandao-de-oliveira\/\" rel=\"noopener\">Humberto C\u00e9sar Brand\u00e3o de Oliveira<\/a><\/li>\n<\/ul>\n<\/li>\n<\/ul>\n","protected":false},"excerpt":{"rendered":"<p>Os laborat\u00f3rios tem\u00e1ticos s\u00e3o laborat\u00f3rios voltados para a realiza\u00e7\u00e3o de disciplinas eletivas e atividades de pesquisa; tais como Inicia\u00e7\u00e3o Cient\u00edfica e Trabalho de Conclus\u00e3o de Curso. O Departamento de Ci\u00eancia da Computa\u00e7\u00e3o possui 4 laborat\u00f3rios tem\u00e1ticos: Laborat\u00f3rio de Tecnologia Educacional (LTE) Professor respons\u00e1vel: Paulo Alexandre Bressan Laborat\u00f3rio de Redes de Computadores e Sistemas Distribu\u00eddos (LaReS) <a class=\"more-link\" href=\"https:\/\/www.bcc.unifal-mg.edu.br\/portal\/infraestrutura\/laboratorios-tematicos\/\">Leia mais&#8230; &raquo;<\/a><\/p>\n","protected":false},"author":1,"featured_media":0,"parent":11,"menu_order":0,"comment_status":"closed","ping_status":"closed","template":"","meta":[],"_links":{"self":[{"href":"https:\/\/www.bcc.unifal-mg.edu.br\/portal\/wp-json\/wp\/v2\/pages\/429"}],"collection":[{"href":"https:\/\/www.bcc.unifal-mg.edu.br\/portal\/wp-json\/wp\/v2\/pages"}],"about":[{"href":"https:\/\/www.bcc.unifal-mg.edu.br\/portal\/wp-json\/wp\/v2\/types\/page"}],"author":[{"embeddable":true,"href":"https:\/\/www.bcc.unifal-mg.edu.br\/portal\/wp-json\/wp\/v2\/users\/1"}],"replies":[{"embeddable":true,"href":"https:\/\/www.bcc.unifal-mg.edu.br\/portal\/wp-json\/wp\/v2\/comments?post=429"}],"version-history":[{"count":9,"href":"https:\/\/www.bcc.unifal-mg.edu.br\/portal\/wp-json\/wp\/v2\/pages\/429\/revisions"}],"predecessor-version":[{"id":1326,"href":"https:\/\/www.bcc.unifal-mg.edu.br\/portal\/wp-json\/wp\/v2\/pages\/429\/revisions\/1326"}],"up":[{"embeddable":true,"href":"https:\/\/www.bcc.unifal-mg.edu.br\/portal\/wp-json\/wp\/v2\/pages\/11"}],"wp:attachment":[{"href":"https:\/\/www.bcc.unifal-mg.edu.br\/portal\/wp-json\/wp\/v2\/media?parent=429"}],"curies":[{"name":"wp","href":"https:\/\/api.w.org\/{rel}","templated":true}]}}