{"id":418,"date":"2016-03-22T14:43:00","date_gmt":"2016-03-22T17:43:00","guid":{"rendered":"http:\/\/localhost\/wordpress\/?page_id=418"},"modified":"2021-11-08T21:40:31","modified_gmt":"2021-11-08T21:40:31","slug":"laboratorios-de-uso-geral","status":"publish","type":"page","link":"https:\/\/www.bcc.unifal-mg.edu.br\/portal\/infraestrutura\/laboratorios-de-uso-geral\/","title":{"rendered":"Laborat\u00f3rios de uso geral"},"content":{"rendered":"<p class=\"Standard\" style=\"margin-bottom: 15.0pt; text-align: justify;\">Os laborat\u00f3rios de uso geral est\u00e3o dispon\u00edveis para todos os alunos do Curso de Ci\u00eancia da Computa\u00e7\u00e3o da UNIFAL-MG. O seu uso vai desde aulas pr\u00e1ticas at\u00e9 a realiza\u00e7\u00e3o de trabalhos relacionados \u00e0s disciplinas e atividades de extens\u00e3o. O quadro a seguir detalha ambos os laborat\u00f3rios com rela\u00e7\u00e3o \u00e0 quantidade e configura\u00e7\u00e3o dos computadores.<\/p>\n<table border=\"1\" width=\"837\" cellspacing=\"1\">\n<colgroup>\n<col width=\"53\" \/>\n<col width=\"193\" \/>\n<col width=\"750\" \/>\n<col width=\"95\" \/><\/colgroup>\n<tbody>\n<tr>\n<td style=\"text-align: center;\" align=\"CENTER\" bgcolor=\"#B3B3B3\" width=\"53\" height=\"18\"><b><span style=\"font-family: Verdana;\">SALA<\/span><\/b><\/td>\n<td style=\"text-align: center;\" align=\"CENTER\" bgcolor=\"#B3B3B3\" width=\"163\"><b><span style=\"font-family: Verdana;\">Numero de Computadores<\/span><\/b><\/td>\n<td style=\"text-align: center;\" align=\"CENTER\" bgcolor=\"#B3B3B3\" width=\"350\"><b><span style=\"font-family: Verdana;\">Configura\u00e7\u00e3o<\/span><\/b><\/td>\n<td style=\"text-align: center;\" align=\"CENTER\" bgcolor=\"#B3B3B3\" width=\"95\"><b><span style=\"font-family: Verdana;\">Atualiza\u00e7\u00e3o<\/span><\/b><\/td>\n<\/tr>\n<tr>\n<td style=\"text-align: center;\" align=\"CENTER\" height=\"18\"><span style=\"font-family: Verdana;\">B207<\/span><\/td>\n<td style=\"text-align: center;\" align=\"CENTER\"><span style=\"font-family: Verdana;\">40<\/span><\/td>\n<td style=\"text-align: center;\" align=\"CENTER\"><span style=\"font-family: Verdana;\"><span style=\"font-family: Verdana;\">DELL OPTIPLEX 3050 \u2013 Intel(R) Core(TM) i7-7700 CPU @ 3.60GHz &#8211; 4 Core, 8GB RAM DDR4 2400 MHz, 500GB HD SATA, DVD Driver SATA &#8211; <\/span><\/span><span style=\"font-family: Verdana;\">Monitor DELL P2317H<\/span><\/td>\n<td style=\"text-align: center;\" align=\"CENTER\"><span style=\"font-family: Verdana;\">2018<\/span><\/td>\n<\/tr>\n<tr>\n<td style=\"text-align: center;\" align=\"CENTER\" height=\"18\"><span style=\"font-family: Verdana;\">B208<\/span><\/td>\n<td style=\"text-align: center;\" align=\"CENTER\"><span style=\"font-family: Verdana;\">20<\/span><\/td>\n<td style=\"text-align: center;\" align=\"CENTER\"><span style=\"font-family: Verdana;\">DELL OPTIPLEX 3050 \u2013 Intel(R) Core(TM) i7-7700 CPU @ 3.60GHz &#8211; 4 Core, 8GB RAM DDR4 2400 MHz, 500GB HD SATA, DVD Driver SATA &#8211; Monitor DELL P2317H<\/span><\/td>\n<td style=\"text-align: center;\" align=\"CENTER\"><span style=\"font-family: Verdana;\">2018<\/span><\/td>\n<\/tr>\n<\/tbody>\n<\/table>\n<p>&nbsp;<\/p>\n<p>&nbsp;<\/p>\n","protected":false},"excerpt":{"rendered":"<p>Os laborat\u00f3rios de uso geral est\u00e3o dispon\u00edveis para todos os alunos do Curso de Ci\u00eancia da Computa\u00e7\u00e3o da UNIFAL-MG. O seu uso vai desde aulas pr\u00e1ticas at\u00e9 a realiza\u00e7\u00e3o de trabalhos relacionados \u00e0s disciplinas e atividades de extens\u00e3o. O quadro a seguir detalha ambos os laborat\u00f3rios com rela\u00e7\u00e3o \u00e0 quantidade e configura\u00e7\u00e3o dos computadores. SALA <a class=\"more-link\" href=\"https:\/\/www.bcc.unifal-mg.edu.br\/portal\/infraestrutura\/laboratorios-de-uso-geral\/\">Leia mais&#8230; &raquo;<\/a><\/p>\n","protected":false},"author":1,"featured_media":0,"parent":11,"menu_order":0,"comment_status":"closed","ping_status":"closed","template":"","meta":[],"_links":{"self":[{"href":"https:\/\/www.bcc.unifal-mg.edu.br\/portal\/wp-json\/wp\/v2\/pages\/418"}],"collection":[{"href":"https:\/\/www.bcc.unifal-mg.edu.br\/portal\/wp-json\/wp\/v2\/pages"}],"about":[{"href":"https:\/\/www.bcc.unifal-mg.edu.br\/portal\/wp-json\/wp\/v2\/types\/page"}],"author":[{"embeddable":true,"href":"https:\/\/www.bcc.unifal-mg.edu.br\/portal\/wp-json\/wp\/v2\/users\/1"}],"replies":[{"embeddable":true,"href":"https:\/\/www.bcc.unifal-mg.edu.br\/portal\/wp-json\/wp\/v2\/comments?post=418"}],"version-history":[{"count":7,"href":"https:\/\/www.bcc.unifal-mg.edu.br\/portal\/wp-json\/wp\/v2\/pages\/418\/revisions"}],"predecessor-version":[{"id":1264,"href":"https:\/\/www.bcc.unifal-mg.edu.br\/portal\/wp-json\/wp\/v2\/pages\/418\/revisions\/1264"}],"up":[{"embeddable":true,"href":"https:\/\/www.bcc.unifal-mg.edu.br\/portal\/wp-json\/wp\/v2\/pages\/11"}],"wp:attachment":[{"href":"https:\/\/www.bcc.unifal-mg.edu.br\/portal\/wp-json\/wp\/v2\/media?parent=418"}],"curies":[{"name":"wp","href":"https:\/\/api.w.org\/{rel}","templated":true}]}}