{"id":328,"date":"2016-03-21T17:24:23","date_gmt":"2016-03-21T20:24:23","guid":{"rendered":"http:\/\/localhost\/wordpress\/?page_id=328"},"modified":"2021-11-08T23:15:08","modified_gmt":"2021-11-08T23:15:08","slug":"tecnico-administrativos-em-educacao","status":"publish","type":"page","link":"https:\/\/www.bcc.unifal-mg.edu.br\/portal\/pessoas\/tecnico-administrativos-em-educacao\/","title":{"rendered":"T\u00e9cnico-Administrativos em Educa\u00e7\u00e3o"},"content":{"rendered":"<p>E-mail: lista.taes.computacao[@]unifal-mg.edu.br<\/p>\n<h4>Analista de Tecnologia da Informa\u00e7\u00e3o<\/h4>\n<ul>\n<li class=\"page_item\"><a href=\"http:\/\/www.bcc.unifal-mg.edu.br\/portal\/pessoas\/tecnico-administrativos-em-educacao\/tae-tiago-silveira\/\">TAE Tiago Silveira<\/a><\/li>\n<\/ul>\n<h4>T\u00e9cnico de Tecnologia da Informa\u00e7\u00e3o<\/h4>\n<ul>\n<li class=\"page_item\"><a href=\"http:\/\/www.bcc.unifal-mg.edu.br\/portal\/pessoas\/tecnico-administrativos-em-educacao\/tae-fabiano-castro-de-brito\/\">TAE Fabiano Castro de Brito<\/a><\/li>\n<\/ul>\n<p>&nbsp;<\/p>\n","protected":false},"excerpt":{"rendered":"<p>E-mail: lista.taes.computacao[@]unifal-mg.edu.br Analista de Tecnologia da Informa\u00e7\u00e3o TAE Tiago Silveira T\u00e9cnico de Tecnologia da Informa\u00e7\u00e3o TAE Fabiano Castro de Brito &nbsp;<\/p>\n","protected":false},"author":1,"featured_media":0,"parent":17,"menu_order":0,"comment_status":"closed","ping_status":"closed","template":"","meta":[],"_links":{"self":[{"href":"https:\/\/www.bcc.unifal-mg.edu.br\/portal\/wp-json\/wp\/v2\/pages\/328"}],"collection":[{"href":"https:\/\/www.bcc.unifal-mg.edu.br\/portal\/wp-json\/wp\/v2\/pages"}],"about":[{"href":"https:\/\/www.bcc.unifal-mg.edu.br\/portal\/wp-json\/wp\/v2\/types\/page"}],"author":[{"embeddable":true,"href":"https:\/\/www.bcc.unifal-mg.edu.br\/portal\/wp-json\/wp\/v2\/users\/1"}],"replies":[{"embeddable":true,"href":"https:\/\/www.bcc.unifal-mg.edu.br\/portal\/wp-json\/wp\/v2\/comments?post=328"}],"version-history":[{"count":10,"href":"https:\/\/www.bcc.unifal-mg.edu.br\/portal\/wp-json\/wp\/v2\/pages\/328\/revisions"}],"predecessor-version":[{"id":1290,"href":"https:\/\/www.bcc.unifal-mg.edu.br\/portal\/wp-json\/wp\/v2\/pages\/328\/revisions\/1290"}],"up":[{"embeddable":true,"href":"https:\/\/www.bcc.unifal-mg.edu.br\/portal\/wp-json\/wp\/v2\/pages\/17"}],"wp:attachment":[{"href":"https:\/\/www.bcc.unifal-mg.edu.br\/portal\/wp-json\/wp\/v2\/media?parent=328"}],"curies":[{"name":"wp","href":"https:\/\/api.w.org\/{rel}","templated":true}]}}