{"id":283,"date":"2016-03-21T15:45:03","date_gmt":"2016-03-21T15:45:03","guid":{"rendered":"http:\/\/localhost\/wordpress\/?page_id=283"},"modified":"2021-11-08T20:59:45","modified_gmt":"2021-11-08T20:59:45","slug":"prof-marcelo-lacerda-rezende","status":"publish","type":"page","link":"https:\/\/www.bcc.unifal-mg.edu.br\/portal\/pessoas\/docentes\/prof-marcelo-lacerda-rezende\/","title":{"rendered":"Prof. Marcelo Lacerda Rezende"},"content":{"rendered":"<p class=\"western\" align=\"JUSTIFY\"><strong>Titula\u00e7\u00e3o<\/strong><strong>:<\/strong><\/p>\n<ul>\n<li class=\"western\">Doutor em Economia Aplicada, ESALQ Universidade de S\u00e3o Paulo, 2001<\/li>\n<\/ul>\n<p><strong>E-mail:<\/strong>\u00a0marcelo.rezende[@]unifal-mg.edu.br<br \/>\n<strong>Sala:<\/strong>\u00a0 D311E (Campus Sede)<br \/>\n<strong>Telefone:<\/strong> +55 (35) 3701-9605<\/p>\n<p class=\"western\" align=\"JUSTIFY\"><strong>\u00c1reas de interesse:<\/strong>\u00a0 Ensino a dist\u00e2ncia (EAD)<\/p>\n<p><a href=\"http:\/\/buscatextual.cnpq.br\/buscatextual\/visualizacv.jsp?id=K4703926Y6\" target=\"_blank\" rel=\"noopener\"><strong>Link Curr\u00edculo Lattes<\/strong><\/a><\/p>\n<p><a href=\"http:\/\/www.bcc.unifal-mg.edu.br\/marcelo\/\" target=\"_blank\" rel=\"noopener\"><strong>Link p\u00e1gina do Professor<\/strong><\/a><\/p>\n","protected":false},"excerpt":{"rendered":"<p>Titula\u00e7\u00e3o: Doutor em Economia Aplicada, ESALQ Universidade de S\u00e3o Paulo, 2001 E-mail:\u00a0marcelo.rezende[@]unifal-mg.edu.br Sala:\u00a0 D311E (Campus Sede) Telefone: +55 (35) 3701-9605 \u00c1reas de interesse:\u00a0 Ensino a dist\u00e2ncia (EAD) Link Curr\u00edculo Lattes Link p\u00e1gina do Professor<\/p>\n","protected":false},"author":1,"featured_media":0,"parent":21,"menu_order":7,"comment_status":"closed","ping_status":"closed","template":"","meta":[],"_links":{"self":[{"href":"https:\/\/www.bcc.unifal-mg.edu.br\/portal\/wp-json\/wp\/v2\/pages\/283"}],"collection":[{"href":"https:\/\/www.bcc.unifal-mg.edu.br\/portal\/wp-json\/wp\/v2\/pages"}],"about":[{"href":"https:\/\/www.bcc.unifal-mg.edu.br\/portal\/wp-json\/wp\/v2\/types\/page"}],"author":[{"embeddable":true,"href":"https:\/\/www.bcc.unifal-mg.edu.br\/portal\/wp-json\/wp\/v2\/users\/1"}],"replies":[{"embeddable":true,"href":"https:\/\/www.bcc.unifal-mg.edu.br\/portal\/wp-json\/wp\/v2\/comments?post=283"}],"version-history":[{"count":4,"href":"https:\/\/www.bcc.unifal-mg.edu.br\/portal\/wp-json\/wp\/v2\/pages\/283\/revisions"}],"predecessor-version":[{"id":1241,"href":"https:\/\/www.bcc.unifal-mg.edu.br\/portal\/wp-json\/wp\/v2\/pages\/283\/revisions\/1241"}],"up":[{"embeddable":true,"href":"https:\/\/www.bcc.unifal-mg.edu.br\/portal\/wp-json\/wp\/v2\/pages\/21"}],"wp:attachment":[{"href":"https:\/\/www.bcc.unifal-mg.edu.br\/portal\/wp-json\/wp\/v2\/media?parent=283"}],"curies":[{"name":"wp","href":"https:\/\/api.w.org\/{rel}","templated":true}]}}