{"id":279,"date":"2016-03-21T15:42:37","date_gmt":"2016-03-21T15:42:37","guid":{"rendered":"http:\/\/localhost\/wordpress\/?page_id=279"},"modified":"2021-11-08T20:58:46","modified_gmt":"2021-11-08T20:58:46","slug":"prof-luiz-eduardo-da-silva","status":"publish","type":"page","link":"https:\/\/www.bcc.unifal-mg.edu.br\/portal\/pessoas\/docentes\/prof-luiz-eduardo-da-silva\/","title":{"rendered":"Prof. Luiz Eduardo da Silva"},"content":{"rendered":"<p class=\"western\" align=\"JUSTIFY\"><strong>Titula\u00e7\u00e3o<\/strong><\/p>\n<ul>\n<li>Doutor em Ci\u00eancias em Engenharia El\u00e9trica pela Universidade Federal de Itajub\u00e1 (2012).<\/li>\n<li>Mestre em Ci\u00eancia da Computa\u00e7\u00e3o &#8211; Universidade Estadual de Campinas (1999).<\/li>\n<\/ul>\n<p><strong>E-mail:<\/strong> <span class=\"gI\"><span class=\"go\">luiz.silva[@]<\/span><\/span>unifal-mg.edu.br<br \/>\n<strong>Sala:<\/strong> C301-B<br \/>\n<strong>Telefone:<\/strong>\u00a0+55 (35) 3701-1942<\/p>\n<p class=\"western\" align=\"JUSTIFY\"><strong>\u00c1reas de interesse:<\/strong>\u00a0 Intelig\u00eancia Artificial, Processamento de imagens, Compiladores.<\/p>\n<p><a href=\"http:\/\/lattes.cnpq.br\/5459510407019521\" target=\"_blank\" rel=\"noopener\"><strong>Link para o Curr\u00edculo Lattes<\/strong><\/a><\/p>\n<p><a href=\"http:\/\/www.bcc.unifal-mg.edu.br\/luizedu\/\" target=\"_blank\" rel=\"noopener\"><strong>Link p\u00e1gina do professor<\/strong><\/a><\/p>\n","protected":false},"excerpt":{"rendered":"<p>Titula\u00e7\u00e3o Doutor em Ci\u00eancias em Engenharia El\u00e9trica pela Universidade Federal de Itajub\u00e1 (2012). Mestre em Ci\u00eancia da Computa\u00e7\u00e3o &#8211; Universidade Estadual de Campinas (1999). E-mail: luiz.silva[@]unifal-mg.edu.br Sala: C301-B Telefone:\u00a0+55 (35) 3701-1942 \u00c1reas de interesse:\u00a0 Intelig\u00eancia Artificial, Processamento de imagens, Compiladores. Link para o Curr\u00edculo Lattes Link p\u00e1gina do professor<\/p>\n","protected":false},"author":1,"featured_media":0,"parent":21,"menu_order":6,"comment_status":"closed","ping_status":"closed","template":"","meta":[],"_links":{"self":[{"href":"https:\/\/www.bcc.unifal-mg.edu.br\/portal\/wp-json\/wp\/v2\/pages\/279"}],"collection":[{"href":"https:\/\/www.bcc.unifal-mg.edu.br\/portal\/wp-json\/wp\/v2\/pages"}],"about":[{"href":"https:\/\/www.bcc.unifal-mg.edu.br\/portal\/wp-json\/wp\/v2\/types\/page"}],"author":[{"embeddable":true,"href":"https:\/\/www.bcc.unifal-mg.edu.br\/portal\/wp-json\/wp\/v2\/users\/1"}],"replies":[{"embeddable":true,"href":"https:\/\/www.bcc.unifal-mg.edu.br\/portal\/wp-json\/wp\/v2\/comments?post=279"}],"version-history":[{"count":4,"href":"https:\/\/www.bcc.unifal-mg.edu.br\/portal\/wp-json\/wp\/v2\/pages\/279\/revisions"}],"predecessor-version":[{"id":1240,"href":"https:\/\/www.bcc.unifal-mg.edu.br\/portal\/wp-json\/wp\/v2\/pages\/279\/revisions\/1240"}],"up":[{"embeddable":true,"href":"https:\/\/www.bcc.unifal-mg.edu.br\/portal\/wp-json\/wp\/v2\/pages\/21"}],"wp:attachment":[{"href":"https:\/\/www.bcc.unifal-mg.edu.br\/portal\/wp-json\/wp\/v2\/media?parent=279"}],"curies":[{"name":"wp","href":"https:\/\/api.w.org\/{rel}","templated":true}]}}