{"id":256,"date":"2016-03-21T15:17:31","date_gmt":"2016-03-21T15:17:31","guid":{"rendered":"http:\/\/localhost\/wordpress\/?page_id=256"},"modified":"2021-11-08T20:56:47","modified_gmt":"2021-11-08T20:56:47","slug":"prof-eduardo-gomes-salgado","status":"publish","type":"page","link":"https:\/\/www.bcc.unifal-mg.edu.br\/portal\/pessoas\/docentes\/prof-eduardo-gomes-salgado\/","title":{"rendered":"Prof. Eduardo Gomes Salgado"},"content":{"rendered":"<p><strong>Titula\u00e7\u00e3o:<\/strong><\/p>\n<ul>\n<li>Doutor em Engenharia Mec\u00e2nica pela Universidade Estadual Paulista.<\/li>\n<li>Mestre em Ci\u00eancias em Engenharia de Produ\u00e7\u00e3o pela Universidade Federal de Itajub\u00e1.<\/li>\n<\/ul>\n<p><strong>E-mail:<\/strong>\u00a0<span class=\"gI\"><span class=\"go\">eduardo.salgado[<\/span><\/span>@]unifal-mg.edu.br<\/p>\n<p><strong>Sala:<\/strong>\u00a0D-311<\/p>\n<p><strong>Telefone:<\/strong>\u00a0+55 (35) 3701-9602<\/p>\n<p><strong>\u00c1reas de interesse:<\/strong>\u00a0 Intelig\u00eancia Artificial, Processamento de imagens, Compiladores<\/p>\n<p><a href=\"http:\/\/lattes.cnpq.br\/2363460036599181\" target=\"_blank\" rel=\"noopener\"><strong>Link para o Curr\u00edculo Lattes<\/strong><\/a><\/p>\n<p><a href=\"http:\/\/www.bcc.unifal-mg.edu.br\/eduardo\" target=\"_blank\" rel=\"noopener\"><strong>Link p\u00e1gina do professor<\/strong><\/a><\/p>\n","protected":false},"excerpt":{"rendered":"<p>Titula\u00e7\u00e3o: Doutor em Engenharia Mec\u00e2nica pela Universidade Estadual Paulista. Mestre em Ci\u00eancias em Engenharia de Produ\u00e7\u00e3o pela Universidade Federal de Itajub\u00e1. E-mail:\u00a0eduardo.salgado[@]unifal-mg.edu.br Sala:\u00a0D-311 Telefone:\u00a0+55 (35) 3701-9602 \u00c1reas de interesse:\u00a0 Intelig\u00eancia Artificial, Processamento de imagens, Compiladores Link para o Curr\u00edculo Lattes Link p\u00e1gina do professor<\/p>\n","protected":false},"author":1,"featured_media":0,"parent":21,"menu_order":1,"comment_status":"closed","ping_status":"closed","template":"","meta":[],"_links":{"self":[{"href":"https:\/\/www.bcc.unifal-mg.edu.br\/portal\/wp-json\/wp\/v2\/pages\/256"}],"collection":[{"href":"https:\/\/www.bcc.unifal-mg.edu.br\/portal\/wp-json\/wp\/v2\/pages"}],"about":[{"href":"https:\/\/www.bcc.unifal-mg.edu.br\/portal\/wp-json\/wp\/v2\/types\/page"}],"author":[{"embeddable":true,"href":"https:\/\/www.bcc.unifal-mg.edu.br\/portal\/wp-json\/wp\/v2\/users\/1"}],"replies":[{"embeddable":true,"href":"https:\/\/www.bcc.unifal-mg.edu.br\/portal\/wp-json\/wp\/v2\/comments?post=256"}],"version-history":[{"count":4,"href":"https:\/\/www.bcc.unifal-mg.edu.br\/portal\/wp-json\/wp\/v2\/pages\/256\/revisions"}],"predecessor-version":[{"id":1236,"href":"https:\/\/www.bcc.unifal-mg.edu.br\/portal\/wp-json\/wp\/v2\/pages\/256\/revisions\/1236"}],"up":[{"embeddable":true,"href":"https:\/\/www.bcc.unifal-mg.edu.br\/portal\/wp-json\/wp\/v2\/pages\/21"}],"wp:attachment":[{"href":"https:\/\/www.bcc.unifal-mg.edu.br\/portal\/wp-json\/wp\/v2\/media?parent=256"}],"curies":[{"name":"wp","href":"https:\/\/api.w.org\/{rel}","templated":true}]}}