{"id":248,"date":"2016-03-21T15:04:02","date_gmt":"2016-03-21T18:04:02","guid":{"rendered":"http:\/\/localhost\/wordpress\/?page_id=248"},"modified":"2022-02-04T18:08:55","modified_gmt":"2022-02-04T18:08:55","slug":"comissoes","status":"publish","type":"page","link":"https:\/\/www.bcc.unifal-mg.edu.br\/portal\/administracao\/comissoes\/","title":{"rendered":"Comiss\u00f5es"},"content":{"rendered":"<p><strong>Esta p\u00e1gina oferece informa\u00e7\u00f5es atualizadas sobre as comiss\u00f5es relacionadas \u00e0s atividades do curso.<br \/>\n<\/strong><strong><u>Antes de enviar d\u00favidas para as comiss\u00f5es<\/u>, certifique-se de ler as respectivas regulamenta\u00e7\u00f5es, dispon\u00edveis em:<br \/>\n<\/strong><strong><a href=\"https:\/\/www.unifal-mg.edu.br\/graduacao\/cursos\/?sitecurso=25&amp;cursoid=401100\" target=\"_blank\" rel=\"noopener\">https:\/\/www.unifal-mg.edu.br\/graduacao\/cursos\/?sitecurso=25&amp;cursoid=401100<\/a><\/strong><\/p>\n<p><strong>\u00a0<\/strong><\/p>\n<h4><strong>Comiss\u00e3o de Atividades Complementares<\/strong> (portaria 1992: 21\/12\/2021 \u2013 23\/04\/2022)<\/h4>\n<ul>\n<li><a href=\"https:\/\/www.bcc.unifal-mg.edu.br\/portal\/pessoas\/docentes\/prof-ricardo-menezes-salgado\/\" rel=\"noopener\">Ricardo Menezes Salgado<\/a> \u2013 <strong>Presidente<\/strong><\/li>\n<li>Adriana Aparecida de \u00c1vila<\/li>\n<li><a href=\"https:\/\/www.bcc.unifal-mg.edu.br\/portal\/pessoas\/docentes\/prof-nelson-jose-freitas-da-silveira\/\" rel=\"noopener\">Nelson Jos\u00e9 Freitas da Silveira<\/a><\/li>\n<li><a href=\"https:\/\/www.bcc.unifal-mg.edu.br\/portal\/pessoas\/docentes\/prof-marcelo-lacerda-rezende\/\" rel=\"noopener\">Marcelo Lacerda Rezende<\/a><\/li>\n<\/ul>\n<p><strong>E-mail:<\/strong> atividadescomplementares[@]bcc.unifal-mg.edu.br<\/p>\n<p>&nbsp;<\/p>\n<h4><strong>Comiss\u00e3o de Est\u00e1gio<\/strong> (portaria 644: 24\/04\/2020 \u2013 23\/04\/2022)<\/h4>\n<ul>\n<li><a href=\"https:\/\/www.bcc.unifal-mg.edu.br\/portal\/pessoas\/docentes\/prof-paulo-alexandre-bressan\/\" rel=\"noopener\">Paulo Alexandre Bressan<\/a> \u2013 <strong>Presidente<\/strong><\/li>\n<li><a href=\"https:\/\/www.bcc.unifal-mg.edu.br\/portal\/pessoas\/docentes\/prof-flavio-barbieri-gonzaga\/\" rel=\"noopener\">Flavio Barbieri Gonzaga<\/a><\/li>\n<li><a href=\"https:\/\/www.bcc.unifal-mg.edu.br\/portal\/pessoas\/docentes\/prof-rodrigo-martins-pagliares\/\" rel=\"noopener\">Rodrigo Martins Pagliares<\/a><\/li>\n<\/ul>\n<p><strong>E-mail:<\/strong> lista.estagio.computacao[@]unifal-mg.edu.br<\/p>\n<p>&nbsp;<\/p>\n<h4><strong>Comiss\u00e3o de Trabalho de Conclus\u00e3o de Curso (TCC)\u00a0<\/strong>(portaria 1991: 21\/12\/2021 \u2013 23\/04\/2022)<\/h4>\n<ul>\n<li><a href=\"https:\/\/www.bcc.unifal-mg.edu.br\/portal\/pessoas\/docentes\/profa-mariane-moreira-de-souza\/\" rel=\"noopener\">Mariane Moreira de Souza<\/a> \u2013 <strong>Presidente<\/strong><\/li>\n<li>Adriana Aparecida de \u00c1vila<\/li>\n<li><a href=\"https:\/\/www.bcc.unifal-mg.edu.br\/portal\/pessoas\/docentes\/prof-luiz-eduardo-da-silva\/\" rel=\"noopener\">Luiz Eduardo da Silva<\/a><\/li>\n<li><a href=\"https:\/\/www.bcc.unifal-mg.edu.br\/portal\/pessoas\/docentes\/prof-eliseu-cesar-miguel\/\" rel=\"noopener\">Eliseu C\u00e9sar Miguel<\/a><\/li>\n<\/ul>\n<p><strong>E-mail:<\/strong> lista.tcc.computacao[@]unifal-mg.edu.br<\/p>\n<p>&nbsp;<\/p>\n<h4><strong>Comiss\u00e3o de Gest\u00e3o e Inova\u00e7\u00e3o (CGI)\u00a0<\/strong>(portaria 434: 15\/04\/2021 \u2013 14\/04\/2023)<\/h4>\n<ul>\n<li><a href=\"https:\/\/www.bcc.unifal-mg.edu.br\/portal\/pessoas\/docentes\/prof-flavio-barbieri-gonzaga\/\" rel=\"noopener\">Flavio Barbieri Gonzaga<\/a> \u2013 <strong>Presidente<\/strong><\/li>\n<li><a href=\"https:\/\/www.bcc.unifal-mg.edu.br\/portal\/pessoas\/docentes\/prof-ricardo-menezes-salgado\/\" rel=\"noopener\">Ricardo Menezes Salgado<\/a><\/li>\n<li><a href=\"https:\/\/www.bcc.unifal-mg.edu.br\/portal\/pessoas\/docentes\/prof-rodrigo-martins-pagliares\/\" rel=\"noopener\">Rodrigo Martins Pagliares<\/a><\/li>\n<li><a href=\"http:\/\/www.bcc.unifal-mg.edu.br\/portal\/pessoas\/tecnico-administrativos-em-educacao\/tae-fabiano-castro-de-brito\/\" rel=\"noopener\">Fabiano Castro de Brito<\/a><\/li>\n<li><a href=\"http:\/\/www.bcc.unifal-mg.edu.br\/portal\/pessoas\/tecnico-administrativos-em-educacao\/tae-tiago-silveira\/\" rel=\"noopener\">Tiago Silveira<\/a><\/li>\n<\/ul>\n<p><strong>E-mail:<\/strong> lista.cgi.computacao[@]unifal-mg.edu.br<\/p>\n<p>&nbsp;<\/p>\n<h4><strong>Comiss\u00e3o de Acompanhamento de Egressos\u00a0<\/strong>(portaria 1977: 16\/12\/2021 \u2013 26\/04\/2023)<\/h4>\n<ul>\n<li><a href=\"https:\/\/www.bcc.unifal-mg.edu.br\/portal\/pessoas\/docentes\/prof-flavio-barbieri-gonzaga\/\" rel=\"noopener\">Flavio Barbieri Gonzaga<\/a> \u2013 <strong>Presidente<\/strong><\/li>\n<li><a href=\"https:\/\/www.bcc.unifal-mg.edu.br\/portal\/pessoas\/docentes\/prof-eliseu-cesar-miguel\/\" rel=\"noopener\">Eliseu C\u00e9sar Miguel<\/a><\/li>\n<li><a href=\"https:\/\/www.bcc.unifal-mg.edu.br\/portal\/pessoas\/docentes\/prof-paulo-alexandre-bressan\/\" rel=\"noopener\">Paulo Alexandre Bressan<\/a><\/li>\n<\/ul>\n<p><strong>E-mail:<\/strong> lista.comissao.egressos.computacao[@]unifal-mg.edu.br<\/p>\n<p>&nbsp;<\/p>\n<h4><strong>N\u00facleo Docente Estruturante (NDE)\u00a0<\/strong>(portaria 2004: 23\/12\/2021 \u2013 11\/08\/2023)<\/h4>\n<ul>\n<li><a href=\"https:\/\/www.bcc.unifal-mg.edu.br\/portal\/pessoas\/docentes\/profa-mariane-moreira-de-souza\/\" rel=\"noopener\">Mariane Moreira de Souza<\/a> \u2013 <strong>Presidente<\/strong><\/li>\n<li>Adriana Aparecida de \u00c1vila<\/li>\n<li><a href=\"https:\/\/www.bcc.unifal-mg.edu.br\/portal\/pessoas\/docentes\/prof-eliseu-cesar-miguel\/\" rel=\"noopener\">Eliseu C\u00e9sar Miguel<\/a><\/li>\n<li><a href=\"https:\/\/www.bcc.unifal-mg.edu.br\/portal\/pessoas\/docentes\/prof-flavio-barbieri-gonzaga\/\" rel=\"noopener\">Flavio Barbieri Gonzaga<\/a><\/li>\n<li><a href=\"https:\/\/www.bcc.unifal-mg.edu.br\/portal\/pessoas\/docentes\/prof-luiz-eduardo-da-silva\/\" rel=\"noopener\">Luiz Eduardo da Silva<\/a><\/li>\n<li><a href=\"https:\/\/www.bcc.unifal-mg.edu.br\/portal\/pessoas\/docentes\/prof-ricardo-menezes-salgado\/\" rel=\"noopener\">Ricardo Menezes Salgado<\/a><\/li>\n<li><a href=\"https:\/\/www.bcc.unifal-mg.edu.br\/portal\/pessoas\/docentes\/prof-rodrigo-martins-pagliares\/\" rel=\"noopener\">Rodrigo Martins Pagliares<\/a><\/li>\n<\/ul>\n<p><strong>E-mail:<\/strong> lista.nde.computacao[@]unifal-mg.edu.br<\/p>\n","protected":false},"excerpt":{"rendered":"<p>Esta p\u00e1gina oferece informa\u00e7\u00f5es atualizadas sobre as comiss\u00f5es relacionadas \u00e0s atividades do curso. Antes de enviar d\u00favidas para as comiss\u00f5es, certifique-se de ler as respectivas regulamenta\u00e7\u00f5es, dispon\u00edveis em: https:\/\/www.unifal-mg.edu.br\/graduacao\/cursos\/?sitecurso=25&amp;cursoid=401100 \u00a0 Comiss\u00e3o de Atividades Complementares (portaria 1992: 21\/12\/2021 \u2013 23\/04\/2022) Ricardo Menezes Salgado \u2013 Presidente Adriana Aparecida de \u00c1vila Nelson Jos\u00e9 Freitas da Silveira Marcelo Lacerda <a class=\"more-link\" href=\"https:\/\/www.bcc.unifal-mg.edu.br\/portal\/administracao\/comissoes\/\">Leia mais&#8230; &raquo;<\/a><\/p>\n","protected":false},"author":1,"featured_media":0,"parent":93,"menu_order":0,"comment_status":"closed","ping_status":"closed","template":"","meta":[],"_links":{"self":[{"href":"https:\/\/www.bcc.unifal-mg.edu.br\/portal\/wp-json\/wp\/v2\/pages\/248"}],"collection":[{"href":"https:\/\/www.bcc.unifal-mg.edu.br\/portal\/wp-json\/wp\/v2\/pages"}],"about":[{"href":"https:\/\/www.bcc.unifal-mg.edu.br\/portal\/wp-json\/wp\/v2\/types\/page"}],"author":[{"embeddable":true,"href":"https:\/\/www.bcc.unifal-mg.edu.br\/portal\/wp-json\/wp\/v2\/users\/1"}],"replies":[{"embeddable":true,"href":"https:\/\/www.bcc.unifal-mg.edu.br\/portal\/wp-json\/wp\/v2\/comments?post=248"}],"version-history":[{"count":36,"href":"https:\/\/www.bcc.unifal-mg.edu.br\/portal\/wp-json\/wp\/v2\/pages\/248\/revisions"}],"predecessor-version":[{"id":1324,"href":"https:\/\/www.bcc.unifal-mg.edu.br\/portal\/wp-json\/wp\/v2\/pages\/248\/revisions\/1324"}],"up":[{"embeddable":true,"href":"https:\/\/www.bcc.unifal-mg.edu.br\/portal\/wp-json\/wp\/v2\/pages\/93"}],"wp:attachment":[{"href":"https:\/\/www.bcc.unifal-mg.edu.br\/portal\/wp-json\/wp\/v2\/media?parent=248"}],"curies":[{"name":"wp","href":"https:\/\/api.w.org\/{rel}","templated":true}]}}