{"id":202,"date":"2016-03-17T11:41:10","date_gmt":"2016-03-17T14:41:10","guid":{"rendered":"http:\/\/localhost\/wordpress\/?page_id=202"},"modified":"2021-11-08T18:04:28","modified_gmt":"2021-11-08T18:04:28","slug":"perfil-do-egressante","status":"publish","type":"page","link":"https:\/\/www.bcc.unifal-mg.edu.br\/portal\/graduacao\/perfil-do-egressante\/","title":{"rendered":"Perfil do egressante"},"content":{"rendered":"<h2><a name=\"_Toc499194161\"><\/a>1.1 &#8211; Perfil do Egresso<\/h2>\n<p class=\"Standard\">O egresso ser\u00e1 capaz de atuar em qualquer empresa ou neg\u00f3cio relacionado \u00e0 \u00e1rea de tecnologia da informa\u00e7\u00e3o bem como no ensino, pesquisa e extens\u00e3o, considerando aspectos cient\u00edficos do desenvolvimento em Ci\u00eancia da Computa\u00e7\u00e3o, podendo, al\u00e9m disso, prosseguir seus estudos em n\u00edvel de P\u00f3s-Gradua\u00e7\u00e3o.<\/p>\n<p class=\"Standard\">Da mesma forma ser\u00e3o profissionais cr\u00edticos e empreendedores capacitados, podendo atuar em equipes multiprofissionais nos diferentes dom\u00ednios, capazes de modelar, analisar e resolver problemas da \u00e1rea de computa\u00e7\u00e3o, aplicando os princ\u00edpios \u00e9ticos e cient\u00edficos da profiss\u00e3o.<\/p>\n<h2><a name=\"_Toc499194162\"><\/a>1.2 &#8211; Compet\u00eancias e Habilidades<\/h2>\n<p class=\"Standard\">O egresso do curso de Ci\u00eancia da Computa\u00e7\u00e3o dever\u00e1 desempenhar suas atividades com base nas compet\u00eancias e habilidades descritas no Artigo 4\u00b0 \u00a71 da Resolu\u00e7\u00e3o 5 do Conselho Nacional de Educa\u00e7\u00e3o\/C\u00e2mara de Educa\u00e7\u00e3o Superior publicada no dia 16 de novembro de 2016. Em s\u00edntese, espera se que os egressos sejam capazes de:<\/p>\n<p class=\"Standard\">I \u2013 Compreender os fatos essenciais, os conceitos, os princ\u00edpios e as teorias relacionadas \u00e0 Ci\u00eancia da Computa\u00e7\u00e3o para o desenvolvimento de software e hardware e suas aplica\u00e7\u00f5es;<\/p>\n<p class=\"Standard\">II \u2013 Reconhecer a import\u00e2ncia do pensamento computacional no cotidiano e sua aplica\u00e7\u00e3o em circunst\u00e2ncias apropriadas e em dom\u00ednios diversos;<\/p>\n<p class=\"Standard\">III \u2013 identificar e gerenciar os riscos que podem estar envolvidos na opera\u00e7\u00e3o de equipamentos de computa\u00e7\u00e3o (incluindo os aspectos de dependabilidade e seguran\u00e7a);<\/p>\n<p class=\"Standard\">IV \u2013 Identificar e analisar requisitos e especifica\u00e7\u00f5es para problemas espec\u00edficos e planejar estrat\u00e9gias para suas solu\u00e7\u00f5es;<\/p>\n<p class=\"Standard\">V \u2013 Especificar, projetar, implementar, manter e avaliar sistemas de computa\u00e7\u00e3o, empregando teorias, pr\u00e1ticas e ferramentas adequadas;<\/p>\n<p class=\"Standard\">VI \u2013 Conceber solu\u00e7\u00f5es computacionais a partir de decis\u00f5es visando o equil\u00edbrio de todos os fatores envolvidos;<\/p>\n<p class=\"Standard\">VII \u2013 empregar metodologias que visem garantir crit\u00e9rios de qualidade ao longo de todas as etapas de desenvolvimento de uma solu\u00e7\u00e3o computacional;<\/p>\n<p class=\"Standard\">VIII \u2013 analisar quanto um sistema baseado em computadores atende os crit\u00e9rios definidos para seu uso corrente e futuro (adequabilidade);<\/p>\n<p class=\"Standard\">IX \u2013 Gerenciar projetos de desenvolvimento de sistemas computacionais;<\/p>\n<p class=\"Standard\">X \u2013 Aplicar temas e princ\u00edpios recorrentes, como abstra\u00e7\u00e3o, complexidade, princ\u00edpio de localidade de refer\u00eancia (caching), compartilhamento de recursos, seguran\u00e7a, concorr\u00eancia, evolu\u00e7\u00e3o de sistemas, entre outros, e reconhecer que esses temas e princ\u00edpios s\u00e3o fundamentais \u00e0 \u00e1rea de Ci\u00eancia da Computa\u00e7\u00e3o;<\/p>\n<p class=\"Standard\">XI \u2013 escolher e aplicar boas pr\u00e1ticas e t\u00e9cnicas que conduzam ao racioc\u00ednio rigoroso no planejamento, na execu\u00e7\u00e3o e no acompanhamento, na medi\u00e7\u00e3o e gerenciamento geral da qualidade de sistemas computacionais;<\/p>\n<p class=\"Standard\">XII \u2013 aplicar os princ\u00edpios de ger\u00eancia, organiza\u00e7\u00e3o e recupera\u00e7\u00e3o da informa\u00e7\u00e3o de v\u00e1rios tipos, incluindo texto imagem som e v\u00eddeo; XIII \u2013 aplicar os princ\u00edpios de intera\u00e7\u00e3o humano-computador para avaliar e construir uma grande variedade de produtos incluindo interface do usu\u00e1rio, p\u00e1ginas WEB, sistemas multim\u00eddia e sistemas m\u00f3veis.<\/p>\n<h2><a name=\"_Toc499194163\"><\/a>1.3 &#8211; \u00c1rea de Atua\u00e7\u00e3o<\/h2>\n<p class=\"Standard\">An\u00e1lise de Sistemas, Desenvolvimento de Software, Administra\u00e7\u00e3o de Banco de Dados, Cientista de Dados, Ger\u00eancia de TI, Doc\u00eancia e Pesquisa.<\/p>\n","protected":false},"excerpt":{"rendered":"<p>1.1 &#8211; Perfil do Egresso O egresso ser\u00e1 capaz de atuar em qualquer empresa ou neg\u00f3cio relacionado \u00e0 \u00e1rea de tecnologia da informa\u00e7\u00e3o bem como no ensino, pesquisa e extens\u00e3o, considerando aspectos cient\u00edficos do desenvolvimento em Ci\u00eancia da Computa\u00e7\u00e3o, podendo, al\u00e9m disso, prosseguir seus estudos em n\u00edvel de P\u00f3s-Gradua\u00e7\u00e3o. Da mesma forma ser\u00e3o profissionais cr\u00edticos <a class=\"more-link\" href=\"https:\/\/www.bcc.unifal-mg.edu.br\/portal\/graduacao\/perfil-do-egressante\/\">Leia mais&#8230; &raquo;<\/a><\/p>\n","protected":false},"author":1,"featured_media":0,"parent":23,"menu_order":0,"comment_status":"closed","ping_status":"closed","template":"","meta":[],"_links":{"self":[{"href":"https:\/\/www.bcc.unifal-mg.edu.br\/portal\/wp-json\/wp\/v2\/pages\/202"}],"collection":[{"href":"https:\/\/www.bcc.unifal-mg.edu.br\/portal\/wp-json\/wp\/v2\/pages"}],"about":[{"href":"https:\/\/www.bcc.unifal-mg.edu.br\/portal\/wp-json\/wp\/v2\/types\/page"}],"author":[{"embeddable":true,"href":"https:\/\/www.bcc.unifal-mg.edu.br\/portal\/wp-json\/wp\/v2\/users\/1"}],"replies":[{"embeddable":true,"href":"https:\/\/www.bcc.unifal-mg.edu.br\/portal\/wp-json\/wp\/v2\/comments?post=202"}],"version-history":[{"count":14,"href":"https:\/\/www.bcc.unifal-mg.edu.br\/portal\/wp-json\/wp\/v2\/pages\/202\/revisions"}],"predecessor-version":[{"id":1177,"href":"https:\/\/www.bcc.unifal-mg.edu.br\/portal\/wp-json\/wp\/v2\/pages\/202\/revisions\/1177"}],"up":[{"embeddable":true,"href":"https:\/\/www.bcc.unifal-mg.edu.br\/portal\/wp-json\/wp\/v2\/pages\/23"}],"wp:attachment":[{"href":"https:\/\/www.bcc.unifal-mg.edu.br\/portal\/wp-json\/wp\/v2\/media?parent=202"}],"curies":[{"name":"wp","href":"https:\/\/api.w.org\/{rel}","templated":true}]}}