{"id":17,"date":"2016-03-09T15:42:02","date_gmt":"2016-03-09T18:42:02","guid":{"rendered":"http:\/\/localhost\/wordpress\/?page_id=17"},"modified":"2021-11-08T21:08:36","modified_gmt":"2021-11-08T21:08:36","slug":"pessoas","status":"publish","type":"page","link":"https:\/\/www.bcc.unifal-mg.edu.br\/portal\/pessoas\/","title":{"rendered":"Pessoas"},"content":{"rendered":"<p>O corpo docente do Curso de Ci\u00eancia da Computa\u00e7\u00e3o UNIFAL-MG conta, atualmente, com 12 professores nas diversas \u00e1reas da Ci\u00eancia da Computa\u00e7\u00e3o.<\/p>\n<p>O corpo t\u00e9cnico conta com 2 TAEs (T\u00e9cnicos Administrativos em Educa\u00e7\u00e3o), sendo um Analista em Tecnologia da Informa\u00e7\u00e3o e um T\u00e9cnico em Tecnologia da Informa\u00e7\u00e3o.<\/p>\n","protected":false},"excerpt":{"rendered":"<p>O corpo docente do Curso de Ci\u00eancia da Computa\u00e7\u00e3o UNIFAL-MG conta, atualmente, com 12 professores nas diversas \u00e1reas da Ci\u00eancia da Computa\u00e7\u00e3o. O corpo t\u00e9cnico conta com 2 TAEs (T\u00e9cnicos Administrativos em Educa\u00e7\u00e3o), sendo um Analista em Tecnologia da Informa\u00e7\u00e3o e um T\u00e9cnico em Tecnologia da Informa\u00e7\u00e3o.<\/p>\n","protected":false},"author":1,"featured_media":0,"parent":0,"menu_order":9,"comment_status":"closed","ping_status":"closed","template":"","meta":[],"_links":{"self":[{"href":"https:\/\/www.bcc.unifal-mg.edu.br\/portal\/wp-json\/wp\/v2\/pages\/17"}],"collection":[{"href":"https:\/\/www.bcc.unifal-mg.edu.br\/portal\/wp-json\/wp\/v2\/pages"}],"about":[{"href":"https:\/\/www.bcc.unifal-mg.edu.br\/portal\/wp-json\/wp\/v2\/types\/page"}],"author":[{"embeddable":true,"href":"https:\/\/www.bcc.unifal-mg.edu.br\/portal\/wp-json\/wp\/v2\/users\/1"}],"replies":[{"embeddable":true,"href":"https:\/\/www.bcc.unifal-mg.edu.br\/portal\/wp-json\/wp\/v2\/comments?post=17"}],"version-history":[{"count":3,"href":"https:\/\/www.bcc.unifal-mg.edu.br\/portal\/wp-json\/wp\/v2\/pages\/17\/revisions"}],"predecessor-version":[{"id":1339,"href":"https:\/\/www.bcc.unifal-mg.edu.br\/portal\/wp-json\/wp\/v2\/pages\/17\/revisions\/1339"}],"wp:attachment":[{"href":"https:\/\/www.bcc.unifal-mg.edu.br\/portal\/wp-json\/wp\/v2\/media?parent=17"}],"curies":[{"name":"wp","href":"https:\/\/api.w.org\/{rel}","templated":true}]}}