{"id":15,"date":"2016-03-09T15:32:43","date_gmt":"2016-03-09T18:32:43","guid":{"rendered":"http:\/\/localhost\/wordpress\/?page_id=15"},"modified":"2017-02-10T19:08:23","modified_gmt":"2017-02-10T19:08:23","slug":"contato","status":"publish","type":"page","link":"https:\/\/www.bcc.unifal-mg.edu.br\/portal\/contato\/","title":{"rendered":"Contato"},"content":{"rendered":"<h2>Telefones<\/h2>\n<p><a>Lista de telefones do DCC<\/a><\/p>\n<p>&nbsp;<\/p>\n<hr \/>\n<h2><\/h2>\n<h2>Endere\u00e7o<\/h2>\n<div style=\"float: left; width: 450px;\">\n<p>Av. Jovino Fernandes Sales, 2600<\/p>\n<p>Bairro Santa Clara<\/p>\n<p>Alfenas\/MG &#8211; Brasil<\/p>\n<p>CEP: 37133-840<\/p>\n<\/div>\n<div><iframe loading=\"lazy\" src=\"https:\/\/www.google.com\/maps\/embed?pb=!1m18!1m12!1m3!1d985.3785687829268!2d-45.98479417079753!3d-21.42090175064676!2m3!1f0!2f0!3f0!3m2!1i1024!2i768!4f13.1!3m3!1m2!1s0x0%3A0x0!2zMjHCsDI1JzE1LjIiUyA0NcKwNTknMDMuMyJX!5e1!3m2!1spt-BR!2sbr!4v1462212587433\" width=\"200\" height=\"150\" frameborder=\"0\" allowfullscreen=\"allowfullscreen\"><\/iframe><\/div>\n<p>&nbsp;<\/p>\n<hr \/>\n<h2><\/h2>\n<h2>Eletr\u00f4nico<\/h2>\n<p><!-- Fast Secure Contact Form plugin 4.0.52 - begin - FastSecureContactForm.com --><\/p>\n<div style=\"clear:both;\"><\/div>\n<p>Coment\u00e1rios ou perguntas s\u00e3o bem-vindos.<\/p>\n<div id=\"FSContact1\" style=\"width:99%; max-width:940px;\">\n<form action=\"https:\/\/www.bcc.unifal-mg.edu.br\/portal\/wp-json\/wp\/v2\/pages\/15#FSContact1\" id=\"fscf_form1\" method=\"post\">\n<div id=\"fscf_required1\">\n  <span style=\"text-align:left;\">*<\/span> <span style=\"text-align:left;\">Campo Obrigat\u00f3rio<\/span>\n<\/div>\n<div id=\"fscf_div_clear1_0\" style=\"clear:both;\">\n<div id=\"fscf_div_field1_0\" style=\"clear:left; float:left; width:99%; max-width:550px; margin-right:10px;\">\n<div style=\"text-align:left; padding-top:5px;max-width:750px;\">\n      <label style=\"text-align:left;\" for=\"fscf_name1\">Nome<span style=\"text-align:left;\">*<\/span><\/label>\n    <\/div>\n<div style=\"text-align:left;\">\n      <input style=\"text-align:left; margin:0; width:99%; max-width:550px;\" type=\"text\" id=\"fscf_name1\" name=\"full_name\" value=\"\"  \/>\n    <\/div>\n<\/p><\/div>\n<\/div>\n<div id=\"fscf_div_clear1_1\" style=\"clear:both;\">\n<div id=\"fscf_div_field1_1\" style=\"clear:left; float:left; width:99%; max-width:550px; margin-right:10px;\">\n<div style=\"text-align:left; padding-top:5px;max-width:750px;\">\n      <label style=\"text-align:left;\" for=\"fscf_email1\">Email:<span style=\"text-align:left;\">*<\/span><\/label>\n    <\/div>\n<div style=\"text-align:left;\">\n      <input style=\"text-align:left; margin:0; width:99%; max-width:550px;\" type=\"text\" id=\"fscf_email1\" name=\"email\" value=\"\"  \/>\n    <\/div>\n<\/p><\/div>\n<\/div>\n<div id=\"fscf_div_clear1_2\" style=\"clear:both;\">\n<div id=\"fscf_div_field1_2\" style=\"clear:left; float:left; width:99%; max-width:550px; margin-right:10px;\">\n<div style=\"text-align:left; padding-top:5px;max-width:750px;\">\n      <label style=\"text-align:left;\" for=\"fscf_field1_2\">Assunto<span style=\"text-align:left;\">*<\/span><\/label>\n    <\/div>\n<div style=\"text-align:left;\">\n      <select style=\"text-align:left;\" id=\"fscf_field1_2\" name=\"subject[]\"><option value=\"1\">D\u00favidas\/Sugest\u00f5es relacionadas \u00e0 Gradua\u00e7\u00e3o<\/option><option value=\"2\">D\u00favidas\/Sugest\u00f5es relacionadas ao Est\u00e1gio Discente<\/option><option value=\"3\">Outros Assuntos<\/option><\/select>\n    <\/div>\n<\/p><\/div>\n<\/div>\n<div id=\"fscf_div_clear1_3\" style=\"clear:both;\">\n<div id=\"fscf_div_field1_3\" style=\"clear:left; float:left; width:99%; max-width:550px; margin-right:10px;\">\n<div style=\"text-align:left; padding-top:5px;max-width:750px;\">\n      <label style=\"text-align:left;\" for=\"fscf_field1_3\">Mensagem<span style=\"text-align:left;\">*<\/span><\/label>\n    <\/div>\n<div style=\"text-align:left;\">\n      <textarea style=\"text-align:left; margin:0; width:99%; max-width:950px; height:120px;\" id=\"fscf_field1_3\" name=\"message\" cols=\"30\" rows=\"10\" ><\/textarea>\n    <\/div>\n<\/p><\/div>\n<\/div>\n<div style=\"clear:both;\"><\/div>\n<div style=\"text-align:left; padding-top:5px;max-width:750px;\">\n<\/div>\n<div id=\"fscf_captcha_image_div1\" style=\"width:250px; height:65px; padding-top:2px;\">\n      <img id=\"fscf_captcha_image1\" style=\"border-style:none; margin:0; padding:0px; padding-right:5px; float:left;\" src=\"https:\/\/www.bcc.unifal-mg.edu.br\/portal\/wp-content\/plugins\/si-contact-form\/captcha\/securimage_show.php?prefix=pXf7TVxlSTGm9qFT\" width=\"175\" height=\"60\" alt=\"CAPTCHA\" title=\"CAPTCHA\" \/><br \/>\n      <input id=\"fscf_captcha_prefix1\" type=\"hidden\" name=\"fscf_captcha_prefix1\" value=\"pXf7TVxlSTGm9qFT\" \/><\/p>\n<div id=\"fscf_captcha_refresh1\">\n        <a href=\"#\" rel=\"nofollow\" title=\"Refresh\" onclick=\"fscf_captcha_refresh('1','\/portal\/wp-content\/plugins\/si-contact-form\/captcha','https:\/\/www.bcc.unifal-mg.edu.br\/portal\/wp-content\/plugins\/si-contact-form\/captcha\/securimage_show.php?prefix='); return false;\"><br \/>\n        <img src=\"https:\/\/www.bcc.unifal-mg.edu.br\/portal\/wp-content\/plugins\/si-contact-form\/captcha\/images\/refresh.png\" width=\"22\" height=\"20\" alt=\"Refresh\" style=\"border-style:none; margin:0; padding:0px; vertical-align:bottom;\" onclick=\"this.blur();\" \/><\/a>\n     <\/div>\n<\/div>\n<div id=\"fscf_captcha_field1\" style=\"text-align:left; padding-top:5px;max-width:750px;\">\n     <label style=\"text-align:left;\" for=\"fscf_captcha_code1\">CAPTCHA<span style=\"text-align:left;\">*<\/span><\/label>\n<\/div>\n<div style=\"text-align:left;\">\n     <input style=\"text-align:left; margin:0; width:60px;\" type=\"text\" value=\"\" autocomplete=\"off\" id=\"fscf_captcha_code1\" name=\"captcha_code\"  \/>\n<\/div>\n<div id=\"fscf_submit_div1\" style=\"text-align:left; clear:both; padding-top:15px;\">\n\t\t<input type=\"submit\" id=\"fscf_submit1\" style=\"cursor:pointer; margin:0;\" value=\"Enviar\"  onclick=\"this.disabled=true; this.value='Enviando...'; this.form.submit();\" \/>\n<\/div>\n<p><input type=\"hidden\" name=\"fscf_submitted\" value=\"0\" \/><br \/>\n<input type=\"hidden\" name=\"fs_postonce_1\" value=\"a8588ad68ddde600fec0c27c22697ce0,1778742555\" \/><br \/>\n<input type=\"hidden\" name=\"si_contact_action\" value=\"send\" \/><br \/>\n<input type=\"hidden\" name=\"form_id\" value=\"1\" \/><br \/>\n<input type=\"hidden\" name=\"mailto_id\" value=\"1\" \/><\/p>\n<\/form>\n<\/div>\n<div style=\"clear:both;\"><\/div>\n<p><!-- Fast Secure Contact Form plugin 4.0.52 - end - FastSecureContactForm.com --><\/p>\n","protected":false},"excerpt":{"rendered":"<p>Telefones Lista de telefones do DCC &nbsp; Endere\u00e7o Av. Jovino Fernandes Sales, 2600 Bairro Santa Clara Alfenas\/MG &#8211; Brasil CEP: 37133-840 &nbsp; Eletr\u00f4nico<\/p>\n","protected":false},"author":1,"featured_media":0,"parent":0,"menu_order":10,"comment_status":"closed","ping_status":"closed","template":"","meta":[],"_links":{"self":[{"href":"https:\/\/www.bcc.unifal-mg.edu.br\/portal\/wp-json\/wp\/v2\/pages\/15"}],"collection":[{"href":"https:\/\/www.bcc.unifal-mg.edu.br\/portal\/wp-json\/wp\/v2\/pages"}],"about":[{"href":"https:\/\/www.bcc.unifal-mg.edu.br\/portal\/wp-json\/wp\/v2\/types\/page"}],"author":[{"embeddable":true,"href":"https:\/\/www.bcc.unifal-mg.edu.br\/portal\/wp-json\/wp\/v2\/users\/1"}],"replies":[{"embeddable":true,"href":"https:\/\/www.bcc.unifal-mg.edu.br\/portal\/wp-json\/wp\/v2\/comments?post=15"}],"version-history":[{"count":7,"href":"https:\/\/www.bcc.unifal-mg.edu.br\/portal\/wp-json\/wp\/v2\/pages\/15\/revisions"}],"predecessor-version":[{"id":829,"href":"https:\/\/www.bcc.unifal-mg.edu.br\/portal\/wp-json\/wp\/v2\/pages\/15\/revisions\/829"}],"wp:attachment":[{"href":"https:\/\/www.bcc.unifal-mg.edu.br\/portal\/wp-json\/wp\/v2\/media?parent=15"}],"curies":[{"name":"wp","href":"https:\/\/api.w.org\/{rel}","templated":true}]}}