{"id":1086,"date":"2021-07-27T17:03:24","date_gmt":"2021-07-27T17:03:24","guid":{"rendered":"https:\/\/www.bcc.unifal-mg.edu.br\/portal\/?page_id=1086"},"modified":"2021-11-09T17:06:34","modified_gmt":"2021-11-09T17:06:34","slug":"prof-iago-augusto-de-carvalho","status":"publish","type":"page","link":"https:\/\/www.bcc.unifal-mg.edu.br\/portal\/pessoas\/docentes\/prof-iago-augusto-de-carvalho\/","title":{"rendered":"Prof. Iago Augusto de Carvalho"},"content":{"rendered":"<p><strong>Titula\u00e7\u00e3o<\/strong><strong>:<\/strong><\/p>\n<ul>\n<li>Doutor em Ci\u00eancias da Computa\u00e7\u00e3o pela\u00a0Universidade Federal de Minas Gerais (UFMG) &#8211; 2020<\/li>\n<li>Mestre em Ci\u00eancias da Computa\u00e7\u00e3o pela Universidade Federal de Minas Gerais (UFMG) &#8211; 2016<\/li>\n<li>Bacharel em Ci\u00eancias da Computa\u00e7\u00e3o pela Universidade Federal de S\u00e3o Jo\u00e3o del Rei (UFSJ) &#8211; 2014<\/li>\n<\/ul>\n<p><strong>E-mail: <\/strong>iago.carvalho[@]unifal-mg.edu.br<br \/>\n<strong>Sala:<\/strong> C-301F<br \/>\n<strong>Telefone:<\/strong> +55 (35) 3701-1947<\/p>\n<p><strong>\u00c1reas de interesse:<\/strong> Otimiza\u00e7\u00e3o, pesquisa operacional, estat\u00edstica experimental, grafos, teoria da computa\u00e7\u00e3o, intelig\u00eancia artificial<\/p>\n<div><strong><a href=\"https:\/\/www.linkedin.com\/in\/iagoaugusto\/\" target=\"_blank\" rel=\"noopener\" data-saferedirecturl=\"https:\/\/www.google.com\/url?q=https:\/\/www.linkedin.com\/in\/iagoaugusto\/&amp;source=gmail&amp;ust=1636553179400000&amp;usg=AFQjCNFAQwPKP1_j3SbB81BqNbF4zVxUFA\">LinkedIn<\/a><\/strong><\/div>\n<div><strong><a href=\"http:\/\/lattes.cnpq.br\/9975041225831602\" target=\"_blank\" rel=\"noopener\" data-saferedirecturl=\"https:\/\/www.google.com\/url?q=http:\/\/lattes.cnpq.br\/9975041225831602&amp;source=gmail&amp;ust=1636553179400000&amp;usg=AFQjCNH8rk-GWC6oj3ZvfSDEu3TIop9utg\">Lattes<\/a><\/strong><\/div>\n<div><strong><a href=\"https:\/\/scholar.google.com\/citations?user=md-lqLIAAAAJ&amp;hl=en\" target=\"_blank\" rel=\"noopener\" data-saferedirecturl=\"https:\/\/www.google.com\/url?q=https:\/\/scholar.google.com\/citations?user%3Dmd-lqLIAAAAJ%26hl%3Den&amp;source=gmail&amp;ust=1636553179400000&amp;usg=AFQjCNEimV0maFW10Aia82s2euFh79kryA\">Google Scholar<\/a><\/strong><\/div>\n<div><strong><a href=\"https:\/\/iagoac.github.io\/\" target=\"_blank\" rel=\"noopener\" data-saferedirecturl=\"https:\/\/www.google.com\/url?q=https:\/\/iagoac.github.io\/&amp;source=gmail&amp;ust=1636553179400000&amp;usg=AFQjCNEXag61txZbsTX39rfmomlzqFLYvA\">P\u00e1gina pessoal<\/a><\/strong><\/div>\n<div><strong><a href=\"https:\/\/github.com\/iagoac\/\" target=\"_blank\" rel=\"noopener\" data-saferedirecturl=\"https:\/\/www.google.com\/url?q=https:\/\/github.com\/iagoac\/&amp;source=gmail&amp;ust=1636553179400000&amp;usg=AFQjCNHoIcm8h52P_UuC5SJ_MG4J9PFmpg\">Github<\/a><\/strong><\/div>\n<div><strong><a href=\"https:\/\/www.researchgate.net\/profile\/Iago-Carvalho-3\" target=\"_blank\" rel=\"noopener\" data-saferedirecturl=\"https:\/\/www.google.com\/url?q=https:\/\/www.researchgate.net\/profile\/Iago-Carvalho-3&amp;source=gmail&amp;ust=1636553179400000&amp;usg=AFQjCNHX94adVDXneaQh-_PsrCnkQ6pGMQ\">Research Gate<\/a><\/strong><\/div>\n<div><strong><a href=\"https:\/\/orcid.org\/0000-0001-9404-1329\" target=\"_blank\" rel=\"noopener\" data-saferedirecturl=\"https:\/\/www.google.com\/url?q=https:\/\/orcid.org\/0000-0001-9404-1329&amp;source=gmail&amp;ust=1636553179400000&amp;usg=AFQjCNFJTI36unZbIobORpMAwb-mCApC8w\">ORCID<\/a><\/strong><\/div>\n<p>&nbsp;<\/p>\n","protected":false},"excerpt":{"rendered":"<p>Titula\u00e7\u00e3o: Doutor em Ci\u00eancias da Computa\u00e7\u00e3o pela\u00a0Universidade Federal de Minas Gerais (UFMG) &#8211; 2020 Mestre em Ci\u00eancias da Computa\u00e7\u00e3o pela Universidade Federal de Minas Gerais (UFMG) &#8211; 2016 Bacharel em Ci\u00eancias da Computa\u00e7\u00e3o pela Universidade Federal de S\u00e3o Jo\u00e3o del Rei (UFSJ) &#8211; 2014 E-mail: iago.carvalho[@]unifal-mg.edu.br Sala: C-301F Telefone: +55 (35) 3701-1947 \u00c1reas de interesse: <a class=\"more-link\" href=\"https:\/\/www.bcc.unifal-mg.edu.br\/portal\/pessoas\/docentes\/prof-iago-augusto-de-carvalho\/\">Leia mais&#8230; &raquo;<\/a><\/p>\n","protected":false},"author":3,"featured_media":0,"parent":21,"menu_order":5,"comment_status":"closed","ping_status":"closed","template":"","meta":[],"_links":{"self":[{"href":"https:\/\/www.bcc.unifal-mg.edu.br\/portal\/wp-json\/wp\/v2\/pages\/1086"}],"collection":[{"href":"https:\/\/www.bcc.unifal-mg.edu.br\/portal\/wp-json\/wp\/v2\/pages"}],"about":[{"href":"https:\/\/www.bcc.unifal-mg.edu.br\/portal\/wp-json\/wp\/v2\/types\/page"}],"author":[{"embeddable":true,"href":"https:\/\/www.bcc.unifal-mg.edu.br\/portal\/wp-json\/wp\/v2\/users\/3"}],"replies":[{"embeddable":true,"href":"https:\/\/www.bcc.unifal-mg.edu.br\/portal\/wp-json\/wp\/v2\/comments?post=1086"}],"version-history":[{"count":7,"href":"https:\/\/www.bcc.unifal-mg.edu.br\/portal\/wp-json\/wp\/v2\/pages\/1086\/revisions"}],"predecessor-version":[{"id":1300,"href":"https:\/\/www.bcc.unifal-mg.edu.br\/portal\/wp-json\/wp\/v2\/pages\/1086\/revisions\/1300"}],"up":[{"embeddable":true,"href":"https:\/\/www.bcc.unifal-mg.edu.br\/portal\/wp-json\/wp\/v2\/pages\/21"}],"wp:attachment":[{"href":"https:\/\/www.bcc.unifal-mg.edu.br\/portal\/wp-json\/wp\/v2\/media?parent=1086"}],"curies":[{"name":"wp","href":"https:\/\/api.w.org\/{rel}","templated":true}]}}