{"id":429,"date":"2021-01-14T09:55:07","date_gmt":"2021-01-14T12:55:07","guid":{"rendered":"http:\/\/www.bcc.unifal-mg.edu.br\/biblioteca\/?page_id=429"},"modified":"2021-01-14T11:30:25","modified_gmt":"2021-01-14T14:30:25","slug":"tccs-2017-2","status":"publish","type":"page","link":"https:\/\/www.bcc.unifal-mg.edu.br\/biblioteca\/producao-discente\/monografias\/tccs-2017-2\/","title":{"rendered":"TCCs 2017\/2"},"content":{"rendered":"<p>Aluno: Hugo Pinto \/ Orientador: <span class=\"fontstyle0\">Prof. Dr. Humberto C\u00e9sar Brand\u00e3o de Oliveira<br \/>\n<\/span><\/p>\n<ul>\n<li><a href=\"https:\/\/www.bcc.unifal-mg.edu.br\/biblioteca\/download\/graduacao\/Discentes\/Monografias\/2017\/2017_02\/TCC_HugoPinto.pdf\">An overview of Stacking and research opportunities about this meta-learner<\/a><\/li>\n<\/ul>\n<p>&nbsp;<\/p>\n<p>Alunos: Luis Eduardo de Matos e\u00a0Augusto M\u00e1rcio da Silva J\u00fanior \/ Orientador: <span class=\"fontstyle0\">Prof. Dr. Gabriel Gerber Hornink<br \/>\n<\/span><\/p>\n<ul>\n<li><a href=\"https:\/\/www.bcc.unifal-mg.edu.br\/biblioteca\/download\/graduacao\/Discentes\/Monografias\/2017\/2017_02\/TCC_LuisEduardoMatos.pdf\">Sistemas l\u00fadicos de autoria no ensino-aprendizagem<\/a><\/li>\n<\/ul>\n<p>&nbsp;<\/p>\n<p>Aluno: Luis Philipe Garroni Andrade \/ Orientador: <span class=\"fontstyle0\">Prof. Dr. Humberto C\u00e9sar Brand\u00e3o de Oliveira<\/span><\/p>\n<ul>\n<li><a href=\"https:\/\/www.bcc.unifal-mg.edu.br\/biblioteca\/download\/graduacao\/Discentes\/Monografias\/2017\/2017_02\/TCC_LuisPhilipe.pdf\">LEIL\u00c3O DUPLO COMO FACILITADOR DA COMUNICA\u00c7\u00c3O E NEGOCIA\u00c7\u00c3O PARA O MERCADO DE CAF\u00c9<\/a><\/li>\n<\/ul>\n<p>&nbsp;<\/p>\n<p>Aluno: Marcelo Antonio Mendes Bastos \/ Orientador: <span class=\"fontstyle0\">Prof. Dr. Humberto C\u00e9sar Brand\u00e3o de Oliveira<\/span><\/p>\n<ul>\n<li><a href=\"https:\/\/www.bcc.unifal-mg.edu.br\/biblioteca\/download\/graduacao\/Discentes\/Monografias\/2017\/2017_02\/TCC_MarceloAntonioMendes.pdf\">UMA T\u00c9CNICA BASEADA EM PROGRAMA\u00c7\u00c3O INTEIRA MISTA PARA SELE\u00c7\u00c3O DE CLASSIFICADORES EM ENSEMBLES<\/a><\/li>\n<\/ul>\n<p>&nbsp;<\/p>\n<p>Aluno: Matheus Costa da Silva \/ Orientadores: <span class=\"fontstyle0\">Prof. Dr. Paulo Alexandre Bressan e Prof. Dr. Gabriel Gerber Hornink<\/span><\/p>\n<ul>\n<li><a href=\"https:\/\/www.bcc.unifal-mg.edu.br\/biblioteca\/download\/graduacao\/Discentes\/Monografias\/2017\/2017_02\/TCC_MatheusCosta.pdf\">DigiAtlas: aplicativos educacionais para georreferenciamento de dados ambientais<\/a><\/li>\n<\/ul>\n<p><span class=\"fontstyle0\">\u00a0<\/span><\/p>\n<p>Aluno: Mauricio R. Vidal \/ Orientador: <span class=\"fontstyle0\">Prof. Dr. Ricardo Menezes Salgado<br \/>\n<\/span><\/p>\n<ul>\n<li><a href=\"https:\/\/www.bcc.unifal-mg.edu.br\/biblioteca\/download\/graduacao\/Discentes\/Monografias\/2017\/2017_02\/TCC_MauricioVidal.pdf\">Modelos Baseados em \u00c1rvores de Regress\u00e3o Extrema Aplicados na Previs\u00e3o de Carga M\u00e9dia<\/a><\/li>\n<\/ul>\n<p>&nbsp;<\/p>\n<p>Alunas: Mylena C. Moratta e\u00a0Carolline Pereira Costa \/ Orientador: <span class=\"fontstyle0\">Prof. Dr. Paulo Alexandre Bressan<br \/>\n<\/span><\/p>\n<ul>\n<li><a href=\"https:\/\/www.bcc.unifal-mg.edu.br\/biblioteca\/download\/graduacao\/Discentes\/Monografias\/2017\/2017_02\/TCC_MylenaMoratta.pdf\">Jogo Digital para Dispositivos M\u00f3veis no Ensino de Ecologia<\/a><\/li>\n<\/ul>\n<p>&nbsp;<\/p>\n<p>Alunos: Nicolas Marcelli Bontempo Vespucio e Jos\u00e9 Maur\u00edcio Schneedorf Ferreira da Silva \/ Orientador: <span class=\"fontstyle0\">Prof. Dr. Luiz Eduardo da Silva<br \/>\n<\/span><\/p>\n<ul>\n<li><a href=\"https:\/\/www.bcc.unifal-mg.edu.br\/biblioteca\/download\/graduacao\/Discentes\/Monografias\/2017\/2017_02\/TCC_NicolasBontempo.pdf\">Um Aplicativo Educacional para Elabora\u00e7\u00e3o e Simula\u00e7\u00e3o Din\u00e2mica de Diagramas &#8211; Abordagem Utilizando Filas<\/a><\/li>\n<\/ul>\n<p>&nbsp;<\/p>\n<p>&nbsp;<\/p>\n<p>&nbsp;<\/p>\n","protected":false},"excerpt":{"rendered":"<p>Aluno: Hugo Pinto \/ Orientador: Prof. Dr. Humberto C\u00e9sar Brand\u00e3o de Oliveira An overview of Stacking and research opportunities about this meta-learner &nbsp; Alunos: Luis Eduardo de Matos e\u00a0Augusto M\u00e1rcio da Silva J\u00fanior \/ Orientador: Prof. Dr. Gabriel Gerber Hornink Sistemas l\u00fadicos de autoria no ensino-aprendizagem &nbsp; Aluno: Luis Philipe Garroni Andrade \/ Orientador: Prof. <a class=\"more-link\" href=\"https:\/\/www.bcc.unifal-mg.edu.br\/biblioteca\/producao-discente\/monografias\/tccs-2017-2\/\">Leia mais&#8230; &raquo;<\/a><\/p>\n","protected":false},"author":3,"featured_media":0,"parent":19,"menu_order":0,"comment_status":"closed","ping_status":"closed","template":"","meta":[],"_links":{"self":[{"href":"https:\/\/www.bcc.unifal-mg.edu.br\/biblioteca\/wp-json\/wp\/v2\/pages\/429"}],"collection":[{"href":"https:\/\/www.bcc.unifal-mg.edu.br\/biblioteca\/wp-json\/wp\/v2\/pages"}],"about":[{"href":"https:\/\/www.bcc.unifal-mg.edu.br\/biblioteca\/wp-json\/wp\/v2\/types\/page"}],"author":[{"embeddable":true,"href":"https:\/\/www.bcc.unifal-mg.edu.br\/biblioteca\/wp-json\/wp\/v2\/users\/3"}],"replies":[{"embeddable":true,"href":"https:\/\/www.bcc.unifal-mg.edu.br\/biblioteca\/wp-json\/wp\/v2\/comments?post=429"}],"version-history":[{"count":12,"href":"https:\/\/www.bcc.unifal-mg.edu.br\/biblioteca\/wp-json\/wp\/v2\/pages\/429\/revisions"}],"predecessor-version":[{"id":441,"href":"https:\/\/www.bcc.unifal-mg.edu.br\/biblioteca\/wp-json\/wp\/v2\/pages\/429\/revisions\/441"}],"up":[{"embeddable":true,"href":"https:\/\/www.bcc.unifal-mg.edu.br\/biblioteca\/wp-json\/wp\/v2\/pages\/19"}],"wp:attachment":[{"href":"https:\/\/www.bcc.unifal-mg.edu.br\/biblioteca\/wp-json\/wp\/v2\/media?parent=429"}],"curies":[{"name":"wp","href":"https:\/\/api.w.org\/{rel}","templated":true}]}}