{"id":21,"date":"2018-07-18T17:38:02","date_gmt":"2018-07-18T17:38:02","guid":{"rendered":"http:\/\/www.bcc.unifal-mg.edu.br\/biblioteca\/?page_id=21"},"modified":"2018-07-26T16:31:50","modified_gmt":"2018-07-26T19:31:50","slug":"relatorios-de-estagio","status":"publish","type":"page","link":"https:\/\/www.bcc.unifal-mg.edu.br\/biblioteca\/producao-discente\/relatorios-de-estagio\/","title":{"rendered":"Relat\u00f3rios de Est\u00e1gio"},"content":{"rendered":"<ul>\n<li><a href=\"https:\/\/www.bcc.unifal-mg.edu.br\/biblioteca\/download\/graduacao\/Discentes\/Relatorios_Estagio\/RelatorioEstagio_DaniloBraga.pdf\">Relat\u00f3rio de Est\u00e1gio de Danilo Braga de Lima<\/a><\/li>\n<li><a href=\"https:\/\/www.bcc.unifal-mg.edu.br\/biblioteca\/download\/graduacao\/Discentes\/Relatorios_Estagio\/RelatorioEstagio_TiagoSilveira.pdf\">Relat\u00f3rio de Est\u00e1gio de Tiago Silveira<\/a><\/li>\n<\/ul>\n","protected":false},"excerpt":{"rendered":"<p>Relat\u00f3rio de Est\u00e1gio de Danilo Braga de Lima Relat\u00f3rio de Est\u00e1gio de Tiago Silveira<\/p>\n","protected":false},"author":1,"featured_media":0,"parent":8,"menu_order":0,"comment_status":"closed","ping_status":"closed","template":"","meta":[],"_links":{"self":[{"href":"https:\/\/www.bcc.unifal-mg.edu.br\/biblioteca\/wp-json\/wp\/v2\/pages\/21"}],"collection":[{"href":"https:\/\/www.bcc.unifal-mg.edu.br\/biblioteca\/wp-json\/wp\/v2\/pages"}],"about":[{"href":"https:\/\/www.bcc.unifal-mg.edu.br\/biblioteca\/wp-json\/wp\/v2\/types\/page"}],"author":[{"embeddable":true,"href":"https:\/\/www.bcc.unifal-mg.edu.br\/biblioteca\/wp-json\/wp\/v2\/users\/1"}],"replies":[{"embeddable":true,"href":"https:\/\/www.bcc.unifal-mg.edu.br\/biblioteca\/wp-json\/wp\/v2\/comments?post=21"}],"version-history":[{"count":4,"href":"https:\/\/www.bcc.unifal-mg.edu.br\/biblioteca\/wp-json\/wp\/v2\/pages\/21\/revisions"}],"predecessor-version":[{"id":159,"href":"https:\/\/www.bcc.unifal-mg.edu.br\/biblioteca\/wp-json\/wp\/v2\/pages\/21\/revisions\/159"}],"up":[{"embeddable":true,"href":"https:\/\/www.bcc.unifal-mg.edu.br\/biblioteca\/wp-json\/wp\/v2\/pages\/8"}],"wp:attachment":[{"href":"https:\/\/www.bcc.unifal-mg.edu.br\/biblioteca\/wp-json\/wp\/v2\/media?parent=21"}],"curies":[{"name":"wp","href":"https:\/\/api.w.org\/{rel}","templated":true}]}}